{"id":1410,"date":"2025-11-08T14:18:44","date_gmt":"2025-11-08T13:18:44","guid":{"rendered":"https:\/\/v3.udg-sound.com\/?post_type=product&#038;p=1410"},"modified":"2025-11-08T14:18:51","modified_gmt":"2025-11-08T13:18:51","slug":"varytec-led-studio-150-2900k","status":"publish","type":"product","link":"https:\/\/v3.udg-sound.com\/?product=varytec-led-studio-150-2900k","title":{"rendered":"Varytec LED Studio 150 2900K"},"content":{"rendered":"<p>Projecteur \u00e0 LED de 150 Watt avec lentille PC<\/p>\n<p>R\u00e9partition uniforme de la lumi\u00e8re<br \/>\nIRC \u00e9lev\u00e9 Ra > 90<br \/>\nCourbe et comportement de gradation s\u00e9lectionnables<br \/>\nRefroidissement contr\u00f4l\u00e9e par temp\u00e9rature avec mode silencieux s\u00e9lectionnable pour un fonctionnement totalement silencieux<\/p>\n<p>Donn\u00e9es techniques :<\/p>\n<p>Source lumineuse : LED de 150 Watt<br \/>\nAngle du faisceau : environ 40\u00b0<br \/>\nTemp\u00e9rature de couleur : 2900\u00b0 K<br \/>\nSans scintillement avec PWM de 11800 Hz<br \/>\nIndice de rendu des couleurs CRI Ra > 90<br \/>\nContr\u00f4les : DMX \/ RDM (1 \/ 2 \/ 4 canaux), Ma\u00eetre \/ Esclave, contr\u00f4le manuel via l&#8217;\u00e9cran<br \/>\nEntr\u00e9e et sortie DMX : XLR 3 broches<br \/>\nEntr\u00e9e d&#8217;alimentation : Power Twist<br \/>\nAlimentation : 100 &#8211; 240 V ~ 50\/60 Hz<br \/>\nConsommation \u00e9lectrique : 130 Watt<br \/>\nIndice de protection : IP20<br \/>\nBo\u00eetier noir en aluminium moul\u00e9 sous pression<br \/>\nDimensions sans le portillon avec le support en haut : 193 x 265 x 152 mm (LxHxP)<br \/>\nPoids : 2,9 kg<\/p>\n","protected":false},"excerpt":{"rendered":"<p>Projecteur LED PC blanc chaud 150W 40\u00b0<\/p>\n","protected":false},"featured_media":1420,"comment_status":"open","ping_status":"closed","template":"","meta":[],"product_brand":[48],"product_cat":[39],"product_tag":[],"class_list":{"0":"post-1410","1":"product","2":"type-product","3":"status-publish","4":"has-post-thumbnail","6":"product_brand-varytec","7":"product_cat-projecteurs-led","9":"first","10":"instock","11":"shipping-taxable","12":"purchasable","13":"product-type-simple"},"_links":{"self":[{"href":"https:\/\/v3.udg-sound.com\/index.php?rest_route=\/wp\/v2\/product\/1410","targetHints":{"allow":["GET"]}}],"collection":[{"href":"https:\/\/v3.udg-sound.com\/index.php?rest_route=\/wp\/v2\/product"}],"about":[{"href":"https:\/\/v3.udg-sound.com\/index.php?rest_route=\/wp\/v2\/types\/product"}],"replies":[{"embeddable":true,"href":"https:\/\/v3.udg-sound.com\/index.php?rest_route=%2Fwp%2Fv2%2Fcomments&post=1410"}],"version-history":[{"count":0,"href":"https:\/\/v3.udg-sound.com\/index.php?rest_route=\/wp\/v2\/product\/1410\/revisions"}],"wp:featuredmedia":[{"embeddable":true,"href":"https:\/\/v3.udg-sound.com\/index.php?rest_route=\/wp\/v2\/media\/1420"}],"wp:attachment":[{"href":"https:\/\/v3.udg-sound.com\/index.php?rest_route=%2Fwp%2Fv2%2Fmedia&parent=1410"}],"wp:term":[{"taxonomy":"product_brand","embeddable":true,"href":"https:\/\/v3.udg-sound.com\/index.php?rest_route=%2Fwp%2Fv2%2Fproduct_brand&post=1410"},{"taxonomy":"product_cat","embeddable":true,"href":"https:\/\/v3.udg-sound.com\/index.php?rest_route=%2Fwp%2Fv2%2Fproduct_cat&post=1410"},{"taxonomy":"product_tag","embeddable":true,"href":"https:\/\/v3.udg-sound.com\/index.php?rest_route=%2Fwp%2Fv2%2Fproduct_tag&post=1410"}],"curies":[{"name":"wp","href":"https:\/\/api.w.org\/{rel}","templated":true}]}}