{"id":1411,"date":"2025-11-08T14:18:44","date_gmt":"2025-11-08T13:18:44","guid":{"rendered":"https:\/\/v3.udg-sound.com\/?post_type=product&#038;p=1411"},"modified":"2025-11-08T14:18:52","modified_gmt":"2025-11-08T13:18:52","slug":"varytec-led-theater-spot-50-3200k","status":"publish","type":"product","link":"https:\/\/v3.udg-sound.com\/?product=varytec-led-theater-spot-50-3200k","title":{"rendered":"Varytec LED Theater Spot 50 3200K"},"content":{"rendered":"<p>Projecteur compact \u00e0 lentille de Fresnel avec technologie LED moderne<br \/>\nId\u00e9al pour les petites sc\u00e8nes, l&#8217;\u00e9clairage de stream vid\u00e9o ou l&#8217;\u00e9clairage de vitrines<br \/>\n\u00c9trier robuste pour une installation facile<br \/>\nObturateur \u00e9lectronique: 0 &#8211; 20 Hz<br \/>\nGradateur \u00e9lectronique: 0 &#8211; 100 %<br \/>\nCourbe de gradation et PWM s\u00e9lectionnables de 2 kHz \u00e0 20 kHz<br \/>\nSource de lumi\u00e8re: LED WW COB de 50 W<br \/>\nLentille de Fresnel avec un angle de faisceau r\u00e9glable de 15\u00b0 \u00e0 50\u00b0<br \/>\nTemp\u00e9rature de couleur: 3200 K<br \/>\nPuissance de luminosit\u00e9: 3250 Lux \u00e0 2 m<br \/>\nCRI: > 90<br \/>\nVentilateur silencieux thermor\u00e9gul\u00e9<br \/>\nContr\u00f4le DMX: 1\/2\/3 canaux<br \/>\nFonctionnement manuel et r\u00e9glages via l&#8217;\u00e9cran avec 4 boutons<br \/>\nEntr\u00e9e\/sortie DMX sur XLR 3 broches<br \/>\nEntr\u00e9e\/sortie d&#8217;alimentation sur Power Twist<br \/>\nAlimentation: 100-240 V AC<br \/>\nConsommation de courant max.: 50 W<br \/>\nBo\u00eetier en aluminium<br \/>\nDimensions: 180 x 135 x 167 mm<br \/>\nPoids: 3,3 kg<br \/>\nCouleur: Noir<br \/>\nVolets incl.<\/p>\n","protected":false},"excerpt":{"rendered":"<p>Projecteur LED Fresnel blanc chaud 50W avec zoom manuel 15-50\u00b0<\/p>\n","protected":false},"featured_media":1424,"comment_status":"open","ping_status":"closed","template":"","meta":[],"product_brand":[48],"product_cat":[39],"product_tag":[],"class_list":{"0":"post-1411","1":"product","2":"type-product","3":"status-publish","4":"has-post-thumbnail","6":"product_brand-varytec","7":"product_cat-projecteurs-led","9":"first","10":"instock","11":"shipping-taxable","12":"purchasable","13":"product-type-simple"},"_links":{"self":[{"href":"https:\/\/v3.udg-sound.com\/index.php?rest_route=\/wp\/v2\/product\/1411","targetHints":{"allow":["GET"]}}],"collection":[{"href":"https:\/\/v3.udg-sound.com\/index.php?rest_route=\/wp\/v2\/product"}],"about":[{"href":"https:\/\/v3.udg-sound.com\/index.php?rest_route=\/wp\/v2\/types\/product"}],"replies":[{"embeddable":true,"href":"https:\/\/v3.udg-sound.com\/index.php?rest_route=%2Fwp%2Fv2%2Fcomments&post=1411"}],"version-history":[{"count":0,"href":"https:\/\/v3.udg-sound.com\/index.php?rest_route=\/wp\/v2\/product\/1411\/revisions"}],"wp:featuredmedia":[{"embeddable":true,"href":"https:\/\/v3.udg-sound.com\/index.php?rest_route=\/wp\/v2\/media\/1424"}],"wp:attachment":[{"href":"https:\/\/v3.udg-sound.com\/index.php?rest_route=%2Fwp%2Fv2%2Fmedia&parent=1411"}],"wp:term":[{"taxonomy":"product_brand","embeddable":true,"href":"https:\/\/v3.udg-sound.com\/index.php?rest_route=%2Fwp%2Fv2%2Fproduct_brand&post=1411"},{"taxonomy":"product_cat","embeddable":true,"href":"https:\/\/v3.udg-sound.com\/index.php?rest_route=%2Fwp%2Fv2%2Fproduct_cat&post=1411"},{"taxonomy":"product_tag","embeddable":true,"href":"https:\/\/v3.udg-sound.com\/index.php?rest_route=%2Fwp%2Fv2%2Fproduct_tag&post=1411"}],"curies":[{"name":"wp","href":"https:\/\/api.w.org\/{rel}","templated":true}]}}